{"id":14,"date":"2022-11-05T20:26:40","date_gmt":"2022-11-05T19:26:40","guid":{"rendered":"https:\/\/www.cyklofort.cz\/?page_id=14"},"modified":"2023-04-19T12:10:05","modified_gmt":"2023-04-19T10:10:05","slug":"kontakt","status":"publish","type":"page","link":"https:\/\/www.cyklofort.cz\/?page_id=14","title":{"rendered":"KONTAKT"},"content":{"rendered":"\n<div class=\"wp-block-cover alignfull is-light\" style=\"min-height:100vh\"><span aria-hidden=\"true\" class=\"wp-block-cover__background has-background-dim-100 has-background-dim\" style=\"background-color:#ffffff\"><\/span><div class=\"wp-block-cover__inner-container\">\n<div class=\"wp-block-media-text alignwide is-stacked-on-mobile is-vertically-aligned-center is-image-fill\" style=\"grid-template-columns:56% auto\"><figure class=\"wp-block-media-text__media\" style=\"background-image:url(https:\/\/www.cyklofort.cz\/wp-content\/uploads\/2022\/11\/dum.jpg);background-position:50% 50%\"><img loading=\"lazy\" width=\"650\" height=\"351\" src=\"https:\/\/www.cyklofort.cz\/wp-content\/uploads\/2022\/11\/dum.jpg\" alt=\"\" class=\"wp-image-35 size-full\" srcset=\"https:\/\/www.cyklofort.cz\/wp-content\/uploads\/2022\/11\/dum.jpg 650w, https:\/\/www.cyklofort.cz\/wp-content\/uploads\/2022\/11\/dum-300x162.jpg 300w\" sizes=\"(max-width: 650px) 100vw, 650px\" \/><\/figure><div class=\"wp-block-media-text__content\">\n<h2 class=\"has-text-color\" style=\"color:#000000;font-size:32px\">Nav\u0161tivte n\u00e1s nebo n\u00e1m napi\u0161te&#8230;<\/h2>\n\n\n\n<p class=\"has-text-color\" style=\"color:#000000;font-size:17px\">Adresa: N\u00e1dra\u017en\u00ed 155, 563 01 Lan\u0161kroun<\/p>\n\n\n\n<p>obchod@cyklofort.cz   <\/p>\n\n\n\n<p>Telefon: +420608861363, +420 4653 20346<\/p>\n\n\n\n<div class=\"wp-container-1 wp-block-buttons\"><\/div>\n\n\n\n<p>Otev\u00edrac\u00ed doba: <\/p>\n\n\n\n<ul><li>Pond\u011bl\u00ed  9-12, 13:30-17<\/li><li>\u00dater\u00fd     9-12, 13:30-17<\/li><li>St\u0159eda    9-12, 13:30-17<\/li><li>\u010ctvrtek   9-12, 13:30-17<\/li><li>P\u00e1tek      9-12, 13:30-17<\/li><li>Sobota   9-11<\/li><li>Ned\u011ble   Zav\u0159eno<\/li><\/ul>\n\n\n\n<p><\/p>\n<\/div><\/div>\n<\/div><\/div>\n","protected":false},"excerpt":{"rendered":"","protected":false},"author":1,"featured_media":0,"parent":0,"menu_order":0,"comment_status":"closed","ping_status":"closed","template":"","meta":{"_monsterinsights_skip_tracking":false,"_monsterinsights_sitenote_active":false,"_monsterinsights_sitenote_note":"","_monsterinsights_sitenote_category":0},"yoast_head":"<!-- This site is optimized with the Yoast SEO plugin v19.8 - https:\/\/yoast.com\/wordpress\/plugins\/seo\/ -->\n<title>KONTAKT - Cyklofort<\/title>\n<meta name=\"robots\" content=\"index, follow, max-snippet:-1, max-image-preview:large, max-video-preview:-1\" \/>\n<link rel=\"canonical\" href=\"https:\/\/www.cyklofort.cz\/?page_id=14\" \/>\n<meta property=\"og:locale\" content=\"cs_CZ\" \/>\n<meta property=\"og:type\" content=\"article\" \/>\n<meta property=\"og:title\" content=\"KONTAKT - Cyklofort\" \/>\n<meta property=\"og:url\" content=\"https:\/\/www.cyklofort.cz\/?page_id=14\" \/>\n<meta property=\"og:site_name\" content=\"Cyklofort\" \/>\n<meta property=\"article:modified_time\" content=\"2023-04-19T10:10:05+00:00\" \/>\n<meta property=\"og:image\" content=\"https:\/\/www.cyklofort.cz\/wp-content\/uploads\/2022\/11\/dum.jpg\" \/>\n<meta name=\"twitter:card\" content=\"summary_large_image\" \/>\n<meta name=\"twitter:label1\" content=\"Odhadovan\u00e1 doba \u010dten\u00ed\" \/>\n\t<meta name=\"twitter:data1\" content=\"1 minuta\" \/>\n<script type=\"application\/ld+json\" class=\"yoast-schema-graph\">{\"@context\":\"https:\/\/schema.org\",\"@graph\":[{\"@type\":\"WebPage\",\"@id\":\"https:\/\/www.cyklofort.cz\/?page_id=14\",\"url\":\"https:\/\/www.cyklofort.cz\/?page_id=14\",\"name\":\"KONTAKT - Cyklofort\",\"isPartOf\":{\"@id\":\"https:\/\/www.cyklofort.cz\/#website\"},\"datePublished\":\"2022-11-05T19:26:40+00:00\",\"dateModified\":\"2023-04-19T10:10:05+00:00\",\"breadcrumb\":{\"@id\":\"https:\/\/www.cyklofort.cz\/?page_id=14#breadcrumb\"},\"inLanguage\":\"cs\",\"potentialAction\":[{\"@type\":\"ReadAction\",\"target\":[\"https:\/\/www.cyklofort.cz\/?page_id=14\"]}]},{\"@type\":\"BreadcrumbList\",\"@id\":\"https:\/\/www.cyklofort.cz\/?page_id=14#breadcrumb\",\"itemListElement\":[{\"@type\":\"ListItem\",\"position\":1,\"name\":\"Home\",\"item\":\"https:\/\/www.cyklofort.cz\/\"},{\"@type\":\"ListItem\",\"position\":2,\"name\":\"KONTAKT\"}]},{\"@type\":\"WebSite\",\"@id\":\"https:\/\/www.cyklofort.cz\/#website\",\"url\":\"https:\/\/www.cyklofort.cz\/\",\"name\":\"Cyklofort\",\"description\":\"Dal\u0161\u00ed web pou\u017e\u00edvaj\u00edc\u00ed WordPress\",\"potentialAction\":[{\"@type\":\"SearchAction\",\"target\":{\"@type\":\"EntryPoint\",\"urlTemplate\":\"https:\/\/www.cyklofort.cz\/?s={search_term_string}\"},\"query-input\":\"required name=search_term_string\"}],\"inLanguage\":\"cs\"}]}<\/script>\n<!-- \/ Yoast SEO plugin. -->","yoast_head_json":{"title":"KONTAKT - Cyklofort","robots":{"index":"index","follow":"follow","max-snippet":"max-snippet:-1","max-image-preview":"max-image-preview:large","max-video-preview":"max-video-preview:-1"},"canonical":"https:\/\/www.cyklofort.cz\/?page_id=14","og_locale":"cs_CZ","og_type":"article","og_title":"KONTAKT - Cyklofort","og_url":"https:\/\/www.cyklofort.cz\/?page_id=14","og_site_name":"Cyklofort","article_modified_time":"2023-04-19T10:10:05+00:00","og_image":[{"url":"https:\/\/www.cyklofort.cz\/wp-content\/uploads\/2022\/11\/dum.jpg"}],"twitter_card":"summary_large_image","twitter_misc":{"Odhadovan\u00e1 doba \u010dten\u00ed":"1 minuta"},"schema":{"@context":"https:\/\/schema.org","@graph":[{"@type":"WebPage","@id":"https:\/\/www.cyklofort.cz\/?page_id=14","url":"https:\/\/www.cyklofort.cz\/?page_id=14","name":"KONTAKT - Cyklofort","isPartOf":{"@id":"https:\/\/www.cyklofort.cz\/#website"},"datePublished":"2022-11-05T19:26:40+00:00","dateModified":"2023-04-19T10:10:05+00:00","breadcrumb":{"@id":"https:\/\/www.cyklofort.cz\/?page_id=14#breadcrumb"},"inLanguage":"cs","potentialAction":[{"@type":"ReadAction","target":["https:\/\/www.cyklofort.cz\/?page_id=14"]}]},{"@type":"BreadcrumbList","@id":"https:\/\/www.cyklofort.cz\/?page_id=14#breadcrumb","itemListElement":[{"@type":"ListItem","position":1,"name":"Home","item":"https:\/\/www.cyklofort.cz\/"},{"@type":"ListItem","position":2,"name":"KONTAKT"}]},{"@type":"WebSite","@id":"https:\/\/www.cyklofort.cz\/#website","url":"https:\/\/www.cyklofort.cz\/","name":"Cyklofort","description":"Dal\u0161\u00ed web pou\u017e\u00edvaj\u00edc\u00ed WordPress","potentialAction":[{"@type":"SearchAction","target":{"@type":"EntryPoint","urlTemplate":"https:\/\/www.cyklofort.cz\/?s={search_term_string}"},"query-input":"required name=search_term_string"}],"inLanguage":"cs"}]}},"_links":{"self":[{"href":"https:\/\/www.cyklofort.cz\/index.php?rest_route=\/wp\/v2\/pages\/14"}],"collection":[{"href":"https:\/\/www.cyklofort.cz\/index.php?rest_route=\/wp\/v2\/pages"}],"about":[{"href":"https:\/\/www.cyklofort.cz\/index.php?rest_route=\/wp\/v2\/types\/page"}],"author":[{"embeddable":true,"href":"https:\/\/www.cyklofort.cz\/index.php?rest_route=\/wp\/v2\/users\/1"}],"replies":[{"embeddable":true,"href":"https:\/\/www.cyklofort.cz\/index.php?rest_route=%2Fwp%2Fv2%2Fcomments&post=14"}],"version-history":[{"count":5,"href":"https:\/\/www.cyklofort.cz\/index.php?rest_route=\/wp\/v2\/pages\/14\/revisions"}],"predecessor-version":[{"id":113,"href":"https:\/\/www.cyklofort.cz\/index.php?rest_route=\/wp\/v2\/pages\/14\/revisions\/113"}],"wp:attachment":[{"href":"https:\/\/www.cyklofort.cz\/index.php?rest_route=%2Fwp%2Fv2%2Fmedia&parent=14"}],"curies":[{"name":"wp","href":"https:\/\/api.w.org\/{rel}","templated":true}]}}