{"id":74,"date":"2023-04-17T21:40:44","date_gmt":"2023-04-17T19:40:44","guid":{"rendered":"https:\/\/www.cyklofort.cz\/?page_id=74"},"modified":"2023-06-02T13:20:22","modified_gmt":"2023-06-02T11:20:22","slug":"cannondale","status":"publish","type":"page","link":"https:\/\/www.cyklofort.cz\/?page_id=74","title":{"rendered":"Cannondale"},"content":{"rendered":"\n<p>SCALPEL CARBON 3<\/p>\n\n\n\n<p>P\u016fvodn\u00ed cena: 129 990,- k\u010d<\/p>\n\n\n\n<p><strong>NOV\u00c1 CENA:   106 990,- k\u010d<\/strong><\/p>\n\n\n\n<figure class=\"wp-block-image size-full\"><img loading=\"lazy\" width=\"1000\" height=\"542\" src=\"https:\/\/www.cyklofort.cz\/wp-content\/uploads\/2023\/04\/C21_C24401M_Scalpel_Crb_3_MRC_PD.jpg\" alt=\"\" class=\"wp-image-80\" srcset=\"https:\/\/www.cyklofort.cz\/wp-content\/uploads\/2023\/04\/C21_C24401M_Scalpel_Crb_3_MRC_PD.jpg 1000w, https:\/\/www.cyklofort.cz\/wp-content\/uploads\/2023\/04\/C21_C24401M_Scalpel_Crb_3_MRC_PD-300x163.jpg 300w, https:\/\/www.cyklofort.cz\/wp-content\/uploads\/2023\/04\/C21_C24401M_Scalpel_Crb_3_MRC_PD-768x416.jpg 768w\" sizes=\"(max-width: 1000px) 100vw, 1000px\" \/><figcaption>Scalpel Carbon 3 &#8211; PD<\/figcaption><\/figure>\n\n\n\n<figure class=\"wp-container-2 wp-block-gallery-1 wp-block-gallery has-nested-images columns-default is-cropped\">\n<figure class=\"wp-block-image size-large\"><img loading=\"lazy\" width=\"1000\" height=\"841\" data-id=\"81\"  src=\"https:\/\/www.cyklofort.cz\/wp-content\/uploads\/2023\/04\/C21_C24401M_Scalpel_Crb_3_CRD_3Q.jpg\" alt=\"\" class=\"wp-image-81\" srcset=\"https:\/\/www.cyklofort.cz\/wp-content\/uploads\/2023\/04\/C21_C24401M_Scalpel_Crb_3_CRD_3Q.jpg 1000w, https:\/\/www.cyklofort.cz\/wp-content\/uploads\/2023\/04\/C21_C24401M_Scalpel_Crb_3_CRD_3Q-300x252.jpg 300w, https:\/\/www.cyklofort.cz\/wp-content\/uploads\/2023\/04\/C21_C24401M_Scalpel_Crb_3_CRD_3Q-768x646.jpg 768w\" sizes=\"(max-width: 1000px) 100vw, 1000px\" \/><\/figure>\n\n\n\n<figure class=\"wp-block-image size-large\"><img loading=\"lazy\" width=\"1000\" height=\"542\" data-id=\"89\"  src=\"https:\/\/www.cyklofort.cz\/wp-content\/uploads\/2023\/04\/C21_C24401M_Scalpel_Crb_3_CRD_PD-2.jpg\" alt=\"\" class=\"wp-image-89\" srcset=\"https:\/\/www.cyklofort.cz\/wp-content\/uploads\/2023\/04\/C21_C24401M_Scalpel_Crb_3_CRD_PD-2.jpg 1000w, https:\/\/www.cyklofort.cz\/wp-content\/uploads\/2023\/04\/C21_C24401M_Scalpel_Crb_3_CRD_PD-2-300x163.jpg 300w, https:\/\/www.cyklofort.cz\/wp-content\/uploads\/2023\/04\/C21_C24401M_Scalpel_Crb_3_CRD_PD-2-768x416.jpg 768w\" sizes=\"(max-width: 1000px) 100vw, 1000px\" \/><\/figure>\n\n\n\n<figure class=\"wp-block-image size-large\"><img loading=\"lazy\" width=\"1000\" height=\"666\" data-id=\"83\"  src=\"https:\/\/www.cyklofort.cz\/wp-content\/uploads\/2023\/04\/C21_C24401M_Scalpel_Crb_3_CRD_D3.jpg\" alt=\"\" class=\"wp-image-83\" srcset=\"https:\/\/www.cyklofort.cz\/wp-content\/uploads\/2023\/04\/C21_C24401M_Scalpel_Crb_3_CRD_D3.jpg 1000w, https:\/\/www.cyklofort.cz\/wp-content\/uploads\/2023\/04\/C21_C24401M_Scalpel_Crb_3_CRD_D3-300x200.jpg 300w, https:\/\/www.cyklofort.cz\/wp-content\/uploads\/2023\/04\/C21_C24401M_Scalpel_Crb_3_CRD_D3-768x511.jpg 768w\" sizes=\"(max-width: 1000px) 100vw, 1000px\" \/><\/figure>\n\n\n\n<figure class=\"wp-block-image size-large\"><img loading=\"lazy\" width=\"1000\" height=\"542\" data-id=\"86\"  src=\"https:\/\/www.cyklofort.cz\/wp-content\/uploads\/2023\/04\/C21_C24401M_Scalpel_Crb_3_MRC_PD-1.jpg\" alt=\"\" class=\"wp-image-86\" srcset=\"https:\/\/www.cyklofort.cz\/wp-content\/uploads\/2023\/04\/C21_C24401M_Scalpel_Crb_3_MRC_PD-1.jpg 1000w, https:\/\/www.cyklofort.cz\/wp-content\/uploads\/2023\/04\/C21_C24401M_Scalpel_Crb_3_MRC_PD-1-300x163.jpg 300w, https:\/\/www.cyklofort.cz\/wp-content\/uploads\/2023\/04\/C21_C24401M_Scalpel_Crb_3_MRC_PD-1-768x416.jpg 768w\" sizes=\"(max-width: 1000px) 100vw, 1000px\" \/><\/figure>\n\n\n\n<figure class=\"wp-block-image size-large\"><img loading=\"lazy\" width=\"1000\" height=\"666\" data-id=\"90\"  src=\"https:\/\/www.cyklofort.cz\/wp-content\/uploads\/2023\/04\/C21_C24401M_Scalpel_Crb_3_MRC_D7.jpg\" alt=\"\" class=\"wp-image-90\" srcset=\"https:\/\/www.cyklofort.cz\/wp-content\/uploads\/2023\/04\/C21_C24401M_Scalpel_Crb_3_MRC_D7.jpg 1000w, https:\/\/www.cyklofort.cz\/wp-content\/uploads\/2023\/04\/C21_C24401M_Scalpel_Crb_3_MRC_D7-300x200.jpg 300w, https:\/\/www.cyklofort.cz\/wp-content\/uploads\/2023\/04\/C21_C24401M_Scalpel_Crb_3_MRC_D7-768x511.jpg 768w\" sizes=\"(max-width: 1000px) 100vw, 1000px\" \/><\/figure>\n\n\n\n<figure class=\"wp-block-image size-large\"><img loading=\"lazy\" width=\"1000\" height=\"666\" data-id=\"87\"  src=\"https:\/\/www.cyklofort.cz\/wp-content\/uploads\/2023\/04\/C21_C24401M_Scalpel_Crb_3_MRC_D6.jpg\" alt=\"\" class=\"wp-image-87\" srcset=\"https:\/\/www.cyklofort.cz\/wp-content\/uploads\/2023\/04\/C21_C24401M_Scalpel_Crb_3_MRC_D6.jpg 1000w, https:\/\/www.cyklofort.cz\/wp-content\/uploads\/2023\/04\/C21_C24401M_Scalpel_Crb_3_MRC_D6-300x200.jpg 300w, https:\/\/www.cyklofort.cz\/wp-content\/uploads\/2023\/04\/C21_C24401M_Scalpel_Crb_3_MRC_D6-768x511.jpg 768w\" sizes=\"(max-width: 1000px) 100vw, 1000px\" \/><\/figure>\n\n\n\n<figure class=\"wp-block-image size-large\"><img loading=\"lazy\" width=\"1000\" height=\"666\" data-id=\"84\"  src=\"https:\/\/www.cyklofort.cz\/wp-content\/uploads\/2023\/04\/C21_C24401M_Scalpel_Crb_3_MRC_D2.jpg\" alt=\"\" class=\"wp-image-84\" srcset=\"https:\/\/www.cyklofort.cz\/wp-content\/uploads\/2023\/04\/C21_C24401M_Scalpel_Crb_3_MRC_D2.jpg 1000w, https:\/\/www.cyklofort.cz\/wp-content\/uploads\/2023\/04\/C21_C24401M_Scalpel_Crb_3_MRC_D2-300x200.jpg 300w, https:\/\/www.cyklofort.cz\/wp-content\/uploads\/2023\/04\/C21_C24401M_Scalpel_Crb_3_MRC_D2-768x511.jpg 768w\" sizes=\"(max-width: 1000px) 100vw, 1000px\" \/><\/figure>\n\n\n\n<figure class=\"wp-block-image size-large\"><img loading=\"lazy\" width=\"1000\" height=\"666\" data-id=\"88\"  src=\"https:\/\/www.cyklofort.cz\/wp-content\/uploads\/2023\/04\/C21_C24401M_Scalpel_Crb_3_MRC_D1.jpg\" alt=\"\" class=\"wp-image-88\" srcset=\"https:\/\/www.cyklofort.cz\/wp-content\/uploads\/2023\/04\/C21_C24401M_Scalpel_Crb_3_MRC_D1.jpg 1000w, https:\/\/www.cyklofort.cz\/wp-content\/uploads\/2023\/04\/C21_C24401M_Scalpel_Crb_3_MRC_D1-300x200.jpg 300w, https:\/\/www.cyklofort.cz\/wp-content\/uploads\/2023\/04\/C21_C24401M_Scalpel_Crb_3_MRC_D1-768x511.jpg 768w\" sizes=\"(max-width: 1000px) 100vw, 1000px\" \/><\/figure>\n<figcaption class=\"blocks-gallery-caption\">Scalpel Carbon 3<\/figcaption><\/figure>\n\n\n\n<p>NA SKLAD\u011a ve dvou barevn\u00fdch proveden\u00edch:<br>&#8211; st\u0159\u00edbrno \u010dern\u00fd ve velikosti L a XL<br>&#8211; \u010derveno \u010dern\u00fd ve velikosti M<\/p>\n\n\n\n<h2>Specifikace<\/h2>\n\n\n\n<figure class=\"wp-block-table\"><table><tbody><tr><td><a href=\"https:\/\/cyklo.aspire.cz\/Parametr\/Detail\/29\">Platforma<\/a><\/td><td>SCALPEL G1<\/td><\/tr><tr><td>St\u0159edov\u00e9 slo\u017een\u00ed<\/td><td>Cannondale Alloy PressFit30<\/td><\/tr><tr><td>P\u0159esmyka\u010d<\/td><td>0<\/td><\/tr><tr><td>Pl\u00e1\u0161t\u011b<\/td><td>(F) Schwalbe Racing Ray Performance, 29 x 2.25&#8243;, Addix Compound, tubeless ready, (R) Schwalbe Racing Ralph Performance, 29 x 2.25&#8243;, Addix Compound, tubeless ready<\/td><\/tr><tr><td>*<\/td><td>Specifikace a ceny se mohou zm\u011bnit bez ud\u00e1n\u00ed d\u016fvodu. Obr\u00e1zky produkt\u016f jsou pouze orienta\u010dn\u00ed.<\/td><\/tr><tr><td>Extra<\/td><td>Null<\/td><\/tr><tr><td>Hmotnost<\/td><td>Hmotnosti kol se neud\u00e1vaj\u00ed, proto\u017ee neexistuje jednotn\u00fd standard v\u00e1\u017een\u00ed. V\u017edy doporu\u010dujeme nechat si kolo zv\u00e1\u017eit v&nbsp;dan\u00e9 specifikaci na prodejn\u011b a porovn\u00e1vat s&nbsp;re\u00e1lnou hmotnost\u00ed kol jin\u00fdch zna\u010dek.<\/td><\/tr><tr><td>R\u00e1m<\/td><td>All-New, 100mm travel, BallisTec Carbon, Proportional Response Tuned, FlexPivot Chainstay, PF30-83, Tapered Headtube,Speed Release 12mm thru axle, Ai Offset, Stash compatible<\/td><\/tr><tr><td>Tlumi\u010d<\/td><td>Fox Float DPS Performance Elite EVOL, remote lockout, adjustable rebound<\/td><\/tr><tr><td>Vidlice<\/td><td>Lefty Ocho, 100mm, Chamber Damper with remote lockout, OppO Spring System, tapered steerer, 55mm offset<\/td><\/tr><tr><td>Kliky<\/td><td>HollowGram, BB30a, OPI SpideRing, 34T, Ai offset<\/td><\/tr><tr><td>P\u0159ehazova\u010dka<\/td><td>Shimano XT<\/td><\/tr><tr><td>\u0158azen\u00ed<\/td><td>Shimano SLX, 12-speed<\/td><\/tr><tr><td>Kazeta<\/td><td>Shimano SLX, 10-51, 12-speed<\/td><\/tr><tr><td>\u0158et\u011bz<\/td><td>Shimano SLX, 12-speed<\/td><\/tr><tr><td>R\u00e1fky<\/td><td>Stan&#8217;s NoTubes Crest S1, 28h, tubeless ready<\/td><\/tr><tr><td>N\u00e1boje<\/td><td>(F) Lefty 60 \/ (R) Shimano MT510 12x148mm thru-axle<\/td><\/tr><tr><td>Dr\u00e1ty<\/td><td>DT Swiss Champion<\/td><\/tr><tr><td>Brzdy<\/td><td>Shimano Deore hydraulic disc, 160\/160mm RT54 rotors<\/td><\/tr><tr><td>Brzdov\u00e9 p\u00e1ky<\/td><td>Shimano Deore hydraulic disc<\/td><\/tr><tr><td>\u0158\u00edd\u00edtka<\/td><td>Cannondale 2 Flat, butted 2014 Alloy, 31.8mm, 3\u00b0 rise, 8\u00b0 sweep, 760mm<\/td><\/tr><tr><td>P\u0159edstavec<\/td><td>Cannondale 3, 6061 Alloy, 31.8, 7\u00b0<\/td><\/tr><tr><td>Gripy<\/td><td>ESI Chunky Silicone, 32mm dia.<\/td><\/tr><tr><td>Hlavov\u00e9 slo\u017een\u00ed<\/td><td>Integrated, 1-1\/8 to 1.5&#8243;, sealed angular contact bearings<\/td><\/tr><tr><td>Sedlo<\/td><td>Prologo Dimension NRD, STN rails<\/td><\/tr><tr><td>Sedlovka<\/td><td>Cannondale 2, 7075 Alloy, 31.6 x 400mm<\/td><\/tr><tr><td>Konektivita<\/td><td>Cannondale Wheel Sensor<\/td><\/tr><\/tbody><\/table><\/figure>\n","protected":false},"excerpt":{"rendered":"<p>SCALPEL CARBON 3 P\u016fvodn\u00ed cena: 129 990,- k\u010d NOV\u00c1 CENA: 106 990,- k\u010d NA SKLAD\u011a ve dvou barevn\u00fdch proveden\u00edch:&#8211; st\u0159\u00edbrno \u010dern\u00fd ve velikosti L a XL&#8211; \u010derveno \u010dern\u00fd ve velikosti M Specifikace Platforma SCALPEL G1 St\u0159edov\u00e9 slo\u017een\u00ed Cannondale Alloy PressFit30 P\u0159esmyka\u010d 0 Pl\u00e1\u0161t\u011b (F) Schwalbe Racing Ray Performance, 29 x 2.25&#8243;, Addix Compound, tubeless ready, (R) Schwalbe Racing Ralph Performance, 29 x 2.25&#8243;, Addix Compound, tubeless ready * Specifikace a ceny se mohou zm\u011bnit bez ud\u00e1n\u00ed d\u016fvodu. Obr\u00e1zky produkt\u016f jsou pouze orienta\u010dn\u00ed. Extra Null Hmotnost Hmotnosti kol se neud\u00e1vaj\u00ed, proto\u017ee neexistuje jednotn\u00fd standard v\u00e1\u017een\u00ed. V\u017edy doporu\u010dujeme nechat si kolo zv\u00e1\u017eit v&nbsp;dan\u00e9 specifikaci na prodejn\u011b a porovn\u00e1vat s&nbsp;re\u00e1lnou hmotnost\u00ed kol jin\u00fdch zna\u010dek. R\u00e1m All-New, 100mm travel, BallisTec Carbon, Proportional Response Tuned, FlexPivot Chainstay, PF30-83, Tapered Headtube,Speed Release 12mm thru axle, Ai Offset, Stash compatible Tlumi\u010d Fox Float DPS Performance Elite EVOL, remote lockout, adjustable rebound Vidlice Lefty Ocho, 100mm, Chamber Damper&hellip;<\/p>\n<p> <a class=\"more-link\" href=\"https:\/\/www.cyklofort.cz\/?page_id=74\">Read more<\/a><\/p>\n","protected":false},"author":1,"featured_media":0,"parent":0,"menu_order":0,"comment_status":"closed","ping_status":"closed","template":"","meta":{"_monsterinsights_skip_tracking":false,"_monsterinsights_sitenote_active":false,"_monsterinsights_sitenote_note":"","_monsterinsights_sitenote_category":0},"yoast_head":"<!-- This site is optimized with the Yoast SEO plugin v19.8 - https:\/\/yoast.com\/wordpress\/plugins\/seo\/ -->\n<title>Cannondale - Cyklofort<\/title>\n<meta name=\"robots\" content=\"index, follow, max-snippet:-1, max-image-preview:large, max-video-preview:-1\" \/>\n<link rel=\"canonical\" href=\"https:\/\/www.cyklofort.cz\/?page_id=74\" \/>\n<meta property=\"og:locale\" content=\"cs_CZ\" \/>\n<meta property=\"og:type\" content=\"article\" \/>\n<meta property=\"og:title\" content=\"Cannondale - Cyklofort\" \/>\n<meta property=\"og:description\" content=\"SCALPEL CARBON 3 P\u016fvodn\u00ed cena: 129 990,- k\u010d NOV\u00c1 CENA: 106 990,- k\u010d NA SKLAD\u011a ve dvou barevn\u00fdch proveden\u00edch:&#8211; st\u0159\u00edbrno \u010dern\u00fd ve velikosti L a XL&#8211; \u010derveno \u010dern\u00fd ve velikosti M Specifikace Platforma SCALPEL G1 St\u0159edov\u00e9 slo\u017een\u00ed Cannondale Alloy PressFit30 P\u0159esmyka\u010d 0 Pl\u00e1\u0161t\u011b (F) Schwalbe Racing Ray Performance, 29 x 2.25&#8243;, Addix Compound, tubeless ready, (R) Schwalbe Racing Ralph Performance, 29 x 2.25&#8243;, Addix Compound, tubeless ready * Specifikace a ceny se mohou zm\u011bnit bez ud\u00e1n\u00ed d\u016fvodu. Obr\u00e1zky produkt\u016f jsou pouze orienta\u010dn\u00ed. Extra Null Hmotnost Hmotnosti kol se neud\u00e1vaj\u00ed, proto\u017ee neexistuje jednotn\u00fd standard v\u00e1\u017een\u00ed. V\u017edy doporu\u010dujeme nechat si kolo zv\u00e1\u017eit v&nbsp;dan\u00e9 specifikaci na prodejn\u011b a porovn\u00e1vat s&nbsp;re\u00e1lnou hmotnost\u00ed kol jin\u00fdch zna\u010dek. R\u00e1m All-New, 100mm travel, BallisTec Carbon, Proportional Response Tuned, FlexPivot Chainstay, PF30-83, Tapered Headtube,Speed Release 12mm thru axle, Ai Offset, Stash compatible Tlumi\u010d Fox Float DPS Performance Elite EVOL, remote lockout, adjustable rebound Vidlice Lefty Ocho, 100mm, Chamber Damper&hellip;  Read more\" \/>\n<meta property=\"og:url\" content=\"https:\/\/www.cyklofort.cz\/?page_id=74\" \/>\n<meta property=\"og:site_name\" content=\"Cyklofort\" \/>\n<meta property=\"article:modified_time\" content=\"2023-06-02T11:20:22+00:00\" \/>\n<meta property=\"og:image\" content=\"https:\/\/www.cyklofort.cz\/wp-content\/uploads\/2023\/04\/C21_C24401M_Scalpel_Crb_3_MRC_PD.jpg\" \/>\n<meta name=\"twitter:card\" content=\"summary_large_image\" \/>\n<meta name=\"twitter:label1\" content=\"Odhadovan\u00e1 doba \u010dten\u00ed\" \/>\n\t<meta name=\"twitter:data1\" content=\"4 minuty\" \/>\n<script type=\"application\/ld+json\" class=\"yoast-schema-graph\">{\"@context\":\"https:\/\/schema.org\",\"@graph\":[{\"@type\":\"WebPage\",\"@id\":\"https:\/\/www.cyklofort.cz\/?page_id=74\",\"url\":\"https:\/\/www.cyklofort.cz\/?page_id=74\",\"name\":\"Cannondale - Cyklofort\",\"isPartOf\":{\"@id\":\"https:\/\/www.cyklofort.cz\/#website\"},\"datePublished\":\"2023-04-17T19:40:44+00:00\",\"dateModified\":\"2023-06-02T11:20:22+00:00\",\"breadcrumb\":{\"@id\":\"https:\/\/www.cyklofort.cz\/?page_id=74#breadcrumb\"},\"inLanguage\":\"cs\",\"potentialAction\":[{\"@type\":\"ReadAction\",\"target\":[\"https:\/\/www.cyklofort.cz\/?page_id=74\"]}]},{\"@type\":\"BreadcrumbList\",\"@id\":\"https:\/\/www.cyklofort.cz\/?page_id=74#breadcrumb\",\"itemListElement\":[{\"@type\":\"ListItem\",\"position\":1,\"name\":\"Home\",\"item\":\"https:\/\/www.cyklofort.cz\/\"},{\"@type\":\"ListItem\",\"position\":2,\"name\":\"Cannondale\"}]},{\"@type\":\"WebSite\",\"@id\":\"https:\/\/www.cyklofort.cz\/#website\",\"url\":\"https:\/\/www.cyklofort.cz\/\",\"name\":\"Cyklofort\",\"description\":\"Dal\u0161\u00ed web pou\u017e\u00edvaj\u00edc\u00ed WordPress\",\"potentialAction\":[{\"@type\":\"SearchAction\",\"target\":{\"@type\":\"EntryPoint\",\"urlTemplate\":\"https:\/\/www.cyklofort.cz\/?s={search_term_string}\"},\"query-input\":\"required name=search_term_string\"}],\"inLanguage\":\"cs\"}]}<\/script>\n<!-- \/ Yoast SEO plugin. -->","yoast_head_json":{"title":"Cannondale - Cyklofort","robots":{"index":"index","follow":"follow","max-snippet":"max-snippet:-1","max-image-preview":"max-image-preview:large","max-video-preview":"max-video-preview:-1"},"canonical":"https:\/\/www.cyklofort.cz\/?page_id=74","og_locale":"cs_CZ","og_type":"article","og_title":"Cannondale - Cyklofort","og_description":"SCALPEL CARBON 3 P\u016fvodn\u00ed cena: 129 990,- k\u010d NOV\u00c1 CENA: 106 990,- k\u010d NA SKLAD\u011a ve dvou barevn\u00fdch proveden\u00edch:&#8211; st\u0159\u00edbrno \u010dern\u00fd ve velikosti L a XL&#8211; \u010derveno \u010dern\u00fd ve velikosti M Specifikace Platforma SCALPEL G1 St\u0159edov\u00e9 slo\u017een\u00ed Cannondale Alloy PressFit30 P\u0159esmyka\u010d 0 Pl\u00e1\u0161t\u011b (F) Schwalbe Racing Ray Performance, 29 x 2.25&#8243;, Addix Compound, tubeless ready, (R) Schwalbe Racing Ralph Performance, 29 x 2.25&#8243;, Addix Compound, tubeless ready * Specifikace a ceny se mohou zm\u011bnit bez ud\u00e1n\u00ed d\u016fvodu. Obr\u00e1zky produkt\u016f jsou pouze orienta\u010dn\u00ed. Extra Null Hmotnost Hmotnosti kol se neud\u00e1vaj\u00ed, proto\u017ee neexistuje jednotn\u00fd standard v\u00e1\u017een\u00ed. V\u017edy doporu\u010dujeme nechat si kolo zv\u00e1\u017eit v&nbsp;dan\u00e9 specifikaci na prodejn\u011b a porovn\u00e1vat s&nbsp;re\u00e1lnou hmotnost\u00ed kol jin\u00fdch zna\u010dek. R\u00e1m All-New, 100mm travel, BallisTec Carbon, Proportional Response Tuned, FlexPivot Chainstay, PF30-83, Tapered Headtube,Speed Release 12mm thru axle, Ai Offset, Stash compatible Tlumi\u010d Fox Float DPS Performance Elite EVOL, remote lockout, adjustable rebound Vidlice Lefty Ocho, 100mm, Chamber Damper&hellip;  Read more","og_url":"https:\/\/www.cyklofort.cz\/?page_id=74","og_site_name":"Cyklofort","article_modified_time":"2023-06-02T11:20:22+00:00","og_image":[{"url":"https:\/\/www.cyklofort.cz\/wp-content\/uploads\/2023\/04\/C21_C24401M_Scalpel_Crb_3_MRC_PD.jpg"}],"twitter_card":"summary_large_image","twitter_misc":{"Odhadovan\u00e1 doba \u010dten\u00ed":"4 minuty"},"schema":{"@context":"https:\/\/schema.org","@graph":[{"@type":"WebPage","@id":"https:\/\/www.cyklofort.cz\/?page_id=74","url":"https:\/\/www.cyklofort.cz\/?page_id=74","name":"Cannondale - Cyklofort","isPartOf":{"@id":"https:\/\/www.cyklofort.cz\/#website"},"datePublished":"2023-04-17T19:40:44+00:00","dateModified":"2023-06-02T11:20:22+00:00","breadcrumb":{"@id":"https:\/\/www.cyklofort.cz\/?page_id=74#breadcrumb"},"inLanguage":"cs","potentialAction":[{"@type":"ReadAction","target":["https:\/\/www.cyklofort.cz\/?page_id=74"]}]},{"@type":"BreadcrumbList","@id":"https:\/\/www.cyklofort.cz\/?page_id=74#breadcrumb","itemListElement":[{"@type":"ListItem","position":1,"name":"Home","item":"https:\/\/www.cyklofort.cz\/"},{"@type":"ListItem","position":2,"name":"Cannondale"}]},{"@type":"WebSite","@id":"https:\/\/www.cyklofort.cz\/#website","url":"https:\/\/www.cyklofort.cz\/","name":"Cyklofort","description":"Dal\u0161\u00ed web pou\u017e\u00edvaj\u00edc\u00ed WordPress","potentialAction":[{"@type":"SearchAction","target":{"@type":"EntryPoint","urlTemplate":"https:\/\/www.cyklofort.cz\/?s={search_term_string}"},"query-input":"required name=search_term_string"}],"inLanguage":"cs"}]}},"_links":{"self":[{"href":"https:\/\/www.cyklofort.cz\/index.php?rest_route=\/wp\/v2\/pages\/74"}],"collection":[{"href":"https:\/\/www.cyklofort.cz\/index.php?rest_route=\/wp\/v2\/pages"}],"about":[{"href":"https:\/\/www.cyklofort.cz\/index.php?rest_route=\/wp\/v2\/types\/page"}],"author":[{"embeddable":true,"href":"https:\/\/www.cyklofort.cz\/index.php?rest_route=\/wp\/v2\/users\/1"}],"replies":[{"embeddable":true,"href":"https:\/\/www.cyklofort.cz\/index.php?rest_route=%2Fwp%2Fv2%2Fcomments&post=74"}],"version-history":[{"count":6,"href":"https:\/\/www.cyklofort.cz\/index.php?rest_route=\/wp\/v2\/pages\/74\/revisions"}],"predecessor-version":[{"id":117,"href":"https:\/\/www.cyklofort.cz\/index.php?rest_route=\/wp\/v2\/pages\/74\/revisions\/117"}],"wp:attachment":[{"href":"https:\/\/www.cyklofort.cz\/index.php?rest_route=%2Fwp%2Fv2%2Fmedia&parent=74"}],"curies":[{"name":"wp","href":"https:\/\/api.w.org\/{rel}","templated":true}]}}